{"id":18589,"date":"2019-07-04T06:51:02","date_gmt":"2019-07-04T06:51:02","guid":{"rendered":"https:\/\/piaconline.hu\/impresszum\/"},"modified":"2021-10-18T07:19:03","modified_gmt":"2021-10-18T07:19:03","slug":"impressum","status":"publish","type":"page","link":"https:\/\/piaconline.hu\/en\/impressum\/","title":{"rendered":"Impressum"},"content":{"rendered":"\n<p><strong>BUDAPEST MARKET HALLS Ltd.<\/strong><\/p>\n\n\n\n<p>Address: 1117 Budapest, K\u0151r\u00f6sy J\u00f3zsef street 7-9.<br>Taxnumber: 15490270243<br>Pedigree identification number: 490276 <\/p>\n\n\n\n<p><strong>STORAGE SERVICE PROVIDER <\/strong><\/p>\n\n\n\n<p><strong>INTEGRITY Kft.&nbsp;<\/strong><br>Address: 8000 Sz\u00e9kesfeh\u00e9rv\u00e1r, Gyetvai street 6.<br>Mailing address: 1132 Budapest, Victor Hugo street 18-22.<br>E-mail: <a aria-label=\"info@integrity.hu (opens in a new tab)\" rel=\"noreferrer noopener\" href=\"info@integrity.hu\" target=\"_blank\">info@integrity.hu<\/a><\/p>\n\n\n\n<p>The text content and images on this website are owned by the BUDAPEST MARKET HALLS Ltd. Further use of these contents is only possible with the prior written permission of the owner.<\/p>\n","protected":false},"excerpt":{"rendered":"<p>BUDAPEST MARKET HALLS Ltd. Address: 1117 Budapest, K\u0151r\u00f6sy J\u00f3zsef street 7-9.Taxnumber: 15490270243Pedigree identification number: 490276 STORAGE SERVICE PROVIDER INTEGRITY Kft.&nbsp;Address: 8000 Sz\u00e9kesfeh\u00e9rv\u00e1r, Gyetvai street 6.Mailing address: 1132 Budapest, Victor Hugo street 18-22.E-mail: info@integrity.hu The text content and images on this website are owned by the BUDAPEST MARKET HALLS Ltd. Further use of these contents is [&hellip;]<\/p>\n","protected":false},"author":1,"featured_media":0,"parent":0,"menu_order":5000,"comment_status":"closed","ping_status":"closed","template":"","meta":{"_acf_changed":false,"footnotes":""},"class_list":["post-18589","page","type-page","status-publish","hentry"],"acf":[],"yoast_head":"<!-- This site is optimized with the Yoast SEO plugin v23.5 - https:\/\/yoast.com\/wordpress\/plugins\/seo\/ -->\n<title>Impressum - Piaconline.hu<\/title>\n<meta name=\"robots\" content=\"index, follow, max-snippet:-1, max-image-preview:large, max-video-preview:-1\" \/>\n<link rel=\"canonical\" href=\"https:\/\/piaconline.hu\/en\/impressum\/\" \/>\n<meta property=\"og:locale\" content=\"en_US\" \/>\n<meta property=\"og:type\" content=\"article\" \/>\n<meta property=\"og:title\" content=\"Impressum - Piaconline.hu\" \/>\n<meta property=\"og:description\" content=\"BUDAPEST MARKET HALLS Ltd. Address: 1117 Budapest, K\u0151r\u00f6sy J\u00f3zsef street 7-9.Taxnumber: 15490270243Pedigree identification number: 490276 STORAGE SERVICE PROVIDER INTEGRITY Kft.&nbsp;Address: 8000 Sz\u00e9kesfeh\u00e9rv\u00e1r, Gyetvai street 6.Mailing address: 1132 Budapest, Victor Hugo street 18-22.E-mail: info@integrity.hu The text content and images on this website are owned by the BUDAPEST MARKET HALLS Ltd. Further use of these contents is [&hellip;]\" \/>\n<meta property=\"og:url\" content=\"https:\/\/piaconline.hu\/en\/impressum\/\" \/>\n<meta property=\"og:site_name\" content=\"Piaconline.hu\" \/>\n<meta property=\"article:modified_time\" content=\"2021-10-18T07:19:03+00:00\" \/>\n<meta name=\"twitter:card\" content=\"summary_large_image\" \/>\n<meta name=\"twitter:label1\" content=\"Est. reading time\" \/>\n\t<meta name=\"twitter:data1\" content=\"1 minute\" \/>\n<script type=\"application\/ld+json\" class=\"yoast-schema-graph\">{\"@context\":\"https:\/\/schema.org\",\"@graph\":[{\"@type\":\"WebPage\",\"@id\":\"https:\/\/piaconline.hu\/en\/impressum\/\",\"url\":\"https:\/\/piaconline.hu\/en\/impressum\/\",\"name\":\"Impressum - Piaconline.hu\",\"isPartOf\":{\"@id\":\"https:\/\/piaconline.hu\/#website\"},\"datePublished\":\"2019-07-04T06:51:02+00:00\",\"dateModified\":\"2021-10-18T07:19:03+00:00\",\"breadcrumb\":{\"@id\":\"https:\/\/piaconline.hu\/en\/impressum\/#breadcrumb\"},\"inLanguage\":\"en-US\",\"potentialAction\":[{\"@type\":\"ReadAction\",\"target\":[\"https:\/\/piaconline.hu\/en\/impressum\/\"]}]},{\"@type\":\"BreadcrumbList\",\"@id\":\"https:\/\/piaconline.hu\/en\/impressum\/#breadcrumb\",\"itemListElement\":[{\"@type\":\"ListItem\",\"position\":1,\"name\":\"Home\",\"item\":\"https:\/\/piaconline.hu\/en\/\"},{\"@type\":\"ListItem\",\"position\":2,\"name\":\"Impressum\"}]},{\"@type\":\"WebSite\",\"@id\":\"https:\/\/piaconline.hu\/#website\",\"url\":\"https:\/\/piaconline.hu\/\",\"name\":\"Piaconline.hu\",\"description\":\"\",\"potentialAction\":[{\"@type\":\"SearchAction\",\"target\":{\"@type\":\"EntryPoint\",\"urlTemplate\":\"https:\/\/piaconline.hu\/?s={search_term_string}\"},\"query-input\":{\"@type\":\"PropertyValueSpecification\",\"valueRequired\":true,\"valueName\":\"search_term_string\"}}],\"inLanguage\":\"en-US\"}]}<\/script>\n<!-- \/ Yoast SEO plugin. -->","yoast_head_json":{"title":"Impressum - Piaconline.hu","robots":{"index":"index","follow":"follow","max-snippet":"max-snippet:-1","max-image-preview":"max-image-preview:large","max-video-preview":"max-video-preview:-1"},"canonical":"https:\/\/piaconline.hu\/en\/impressum\/","og_locale":"en_US","og_type":"article","og_title":"Impressum - Piaconline.hu","og_description":"BUDAPEST MARKET HALLS Ltd. Address: 1117 Budapest, K\u0151r\u00f6sy J\u00f3zsef street 7-9.Taxnumber: 15490270243Pedigree identification number: 490276 STORAGE SERVICE PROVIDER INTEGRITY Kft.&nbsp;Address: 8000 Sz\u00e9kesfeh\u00e9rv\u00e1r, Gyetvai street 6.Mailing address: 1132 Budapest, Victor Hugo street 18-22.E-mail: info@integrity.hu The text content and images on this website are owned by the BUDAPEST MARKET HALLS Ltd. Further use of these contents is [&hellip;]","og_url":"https:\/\/piaconline.hu\/en\/impressum\/","og_site_name":"Piaconline.hu","article_modified_time":"2021-10-18T07:19:03+00:00","twitter_card":"summary_large_image","twitter_misc":{"Est. reading time":"1 minute"},"schema":{"@context":"https:\/\/schema.org","@graph":[{"@type":"WebPage","@id":"https:\/\/piaconline.hu\/en\/impressum\/","url":"https:\/\/piaconline.hu\/en\/impressum\/","name":"Impressum - Piaconline.hu","isPartOf":{"@id":"https:\/\/piaconline.hu\/#website"},"datePublished":"2019-07-04T06:51:02+00:00","dateModified":"2021-10-18T07:19:03+00:00","breadcrumb":{"@id":"https:\/\/piaconline.hu\/en\/impressum\/#breadcrumb"},"inLanguage":"en-US","potentialAction":[{"@type":"ReadAction","target":["https:\/\/piaconline.hu\/en\/impressum\/"]}]},{"@type":"BreadcrumbList","@id":"https:\/\/piaconline.hu\/en\/impressum\/#breadcrumb","itemListElement":[{"@type":"ListItem","position":1,"name":"Home","item":"https:\/\/piaconline.hu\/en\/"},{"@type":"ListItem","position":2,"name":"Impressum"}]},{"@type":"WebSite","@id":"https:\/\/piaconline.hu\/#website","url":"https:\/\/piaconline.hu\/","name":"Piaconline.hu","description":"","potentialAction":[{"@type":"SearchAction","target":{"@type":"EntryPoint","urlTemplate":"https:\/\/piaconline.hu\/?s={search_term_string}"},"query-input":{"@type":"PropertyValueSpecification","valueRequired":true,"valueName":"search_term_string"}}],"inLanguage":"en-US"}]}},"_links":{"self":[{"href":"https:\/\/piaconline.hu\/en\/wp-json\/wp\/v2\/pages\/18589"}],"collection":[{"href":"https:\/\/piaconline.hu\/en\/wp-json\/wp\/v2\/pages"}],"about":[{"href":"https:\/\/piaconline.hu\/en\/wp-json\/wp\/v2\/types\/page"}],"author":[{"embeddable":true,"href":"https:\/\/piaconline.hu\/en\/wp-json\/wp\/v2\/users\/1"}],"replies":[{"embeddable":true,"href":"https:\/\/piaconline.hu\/en\/wp-json\/wp\/v2\/comments?post=18589"}],"version-history":[{"count":3,"href":"https:\/\/piaconline.hu\/en\/wp-json\/wp\/v2\/pages\/18589\/revisions"}],"predecessor-version":[{"id":22601,"href":"https:\/\/piaconline.hu\/en\/wp-json\/wp\/v2\/pages\/18589\/revisions\/22601"}],"wp:attachment":[{"href":"https:\/\/piaconline.hu\/en\/wp-json\/wp\/v2\/media?parent=18589"}],"curies":[{"name":"wp","href":"https:\/\/api.w.org\/{rel}","templated":true}]}}