{"id":18565,"date":"2019-06-03T08:34:59","date_gmt":"2019-06-03T08:34:59","guid":{"rendered":"https:\/\/piaconline.hu\/kapcsolat\/"},"modified":"2021-10-18T07:18:06","modified_gmt":"2021-10-18T07:18:06","slug":"contact","status":"publish","type":"page","link":"https:\/\/piaconline.hu\/en\/contact\/","title":{"rendered":"Contact"},"content":{"rendered":"\n<p><strong>BUDAPEST MARKET HALLS Ltd.<\/strong><br>Address: <a aria-label=\"1117 Budapest, K\u0151r\u00f6sy J\u00f3zsef u. 7-9. (opens in a new tab)\" rel=\"noreferrer noopener\" href=\"https:\/\/goo.gl\/maps\/y5QiSH1d3YruDjFLA\" target=\"_blank\">1117 Budapest, K\u0151r\u00f6sy J\u00f3zsef street. 7-9.<\/a><br>Mailing address: 1518 Budapest, P.O. box 186.<br>Taxnumber: 15490270-2-43<br>Central phone number: <a href=\"tel:+3612733100\">+36 1 273-3100<\/a><br>Fax: +36 1 273-3163<br>E-mail address: <a href=\"mailto:titkarsag@bvcs.hu\">titkarsag@bvcs.hu<\/a><\/p>\n\n\n\n<p><a href=\"\/en\/opening-hours\/\">The opening hours of the markets and shopping centers are available here.<\/a><\/p>\n","protected":false},"excerpt":{"rendered":"<p>BUDAPEST MARKET HALLS Ltd.Address: 1117 Budapest, K\u0151r\u00f6sy J\u00f3zsef street. 7-9.Mailing address: 1518 Budapest, P.O. box 186.Taxnumber: 15490270-2-43Central phone number: +36 1 273-3100Fax: +36 1 273-3163E-mail address: titkarsag@bvcs.hu The opening hours of the markets and shopping centers are available here.<\/p>\n","protected":false},"author":1,"featured_media":0,"parent":0,"menu_order":3000,"comment_status":"closed","ping_status":"closed","template":"templates\/contact.php","meta":{"_acf_changed":false,"footnotes":""},"class_list":["post-18565","page","type-page","status-publish","hentry"],"acf":[],"yoast_head":"<!-- This site is optimized with the Yoast SEO plugin v23.5 - https:\/\/yoast.com\/wordpress\/plugins\/seo\/ -->\n<title>Contact - Piaconline.hu<\/title>\n<meta name=\"robots\" content=\"index, follow, max-snippet:-1, max-image-preview:large, max-video-preview:-1\" \/>\n<link rel=\"canonical\" href=\"https:\/\/piaconline.hu\/en\/contact\/\" \/>\n<meta property=\"og:locale\" content=\"en_US\" \/>\n<meta property=\"og:type\" content=\"article\" \/>\n<meta property=\"og:title\" content=\"Contact - Piaconline.hu\" \/>\n<meta property=\"og:description\" content=\"BUDAPEST MARKET HALLS Ltd.Address: 1117 Budapest, K\u0151r\u00f6sy J\u00f3zsef street. 7-9.Mailing address: 1518 Budapest, P.O. box 186.Taxnumber: 15490270-2-43Central phone number: +36 1 273-3100Fax: +36 1 273-3163E-mail address: titkarsag@bvcs.hu The opening hours of the markets and shopping centers are available here.\" \/>\n<meta property=\"og:url\" content=\"https:\/\/piaconline.hu\/en\/contact\/\" \/>\n<meta property=\"og:site_name\" content=\"Piaconline.hu\" \/>\n<meta property=\"article:modified_time\" content=\"2021-10-18T07:18:06+00:00\" \/>\n<meta name=\"twitter:card\" content=\"summary_large_image\" \/>\n<meta name=\"twitter:label1\" content=\"Est. reading time\" \/>\n\t<meta name=\"twitter:data1\" content=\"1 minute\" \/>\n<script type=\"application\/ld+json\" class=\"yoast-schema-graph\">{\"@context\":\"https:\/\/schema.org\",\"@graph\":[{\"@type\":\"WebPage\",\"@id\":\"https:\/\/piaconline.hu\/en\/contact\/\",\"url\":\"https:\/\/piaconline.hu\/en\/contact\/\",\"name\":\"Contact - Piaconline.hu\",\"isPartOf\":{\"@id\":\"https:\/\/piaconline.hu\/#website\"},\"datePublished\":\"2019-06-03T08:34:59+00:00\",\"dateModified\":\"2021-10-18T07:18:06+00:00\",\"breadcrumb\":{\"@id\":\"https:\/\/piaconline.hu\/en\/contact\/#breadcrumb\"},\"inLanguage\":\"en-US\",\"potentialAction\":[{\"@type\":\"ReadAction\",\"target\":[\"https:\/\/piaconline.hu\/en\/contact\/\"]}]},{\"@type\":\"BreadcrumbList\",\"@id\":\"https:\/\/piaconline.hu\/en\/contact\/#breadcrumb\",\"itemListElement\":[{\"@type\":\"ListItem\",\"position\":1,\"name\":\"Home\",\"item\":\"https:\/\/piaconline.hu\/en\/\"},{\"@type\":\"ListItem\",\"position\":2,\"name\":\"Contact\"}]},{\"@type\":\"WebSite\",\"@id\":\"https:\/\/piaconline.hu\/#website\",\"url\":\"https:\/\/piaconline.hu\/\",\"name\":\"Piaconline.hu\",\"description\":\"\",\"potentialAction\":[{\"@type\":\"SearchAction\",\"target\":{\"@type\":\"EntryPoint\",\"urlTemplate\":\"https:\/\/piaconline.hu\/?s={search_term_string}\"},\"query-input\":{\"@type\":\"PropertyValueSpecification\",\"valueRequired\":true,\"valueName\":\"search_term_string\"}}],\"inLanguage\":\"en-US\"}]}<\/script>\n<!-- \/ Yoast SEO plugin. -->","yoast_head_json":{"title":"Contact - Piaconline.hu","robots":{"index":"index","follow":"follow","max-snippet":"max-snippet:-1","max-image-preview":"max-image-preview:large","max-video-preview":"max-video-preview:-1"},"canonical":"https:\/\/piaconline.hu\/en\/contact\/","og_locale":"en_US","og_type":"article","og_title":"Contact - Piaconline.hu","og_description":"BUDAPEST MARKET HALLS Ltd.Address: 1117 Budapest, K\u0151r\u00f6sy J\u00f3zsef street. 7-9.Mailing address: 1518 Budapest, P.O. box 186.Taxnumber: 15490270-2-43Central phone number: +36 1 273-3100Fax: +36 1 273-3163E-mail address: titkarsag@bvcs.hu The opening hours of the markets and shopping centers are available here.","og_url":"https:\/\/piaconline.hu\/en\/contact\/","og_site_name":"Piaconline.hu","article_modified_time":"2021-10-18T07:18:06+00:00","twitter_card":"summary_large_image","twitter_misc":{"Est. reading time":"1 minute"},"schema":{"@context":"https:\/\/schema.org","@graph":[{"@type":"WebPage","@id":"https:\/\/piaconline.hu\/en\/contact\/","url":"https:\/\/piaconline.hu\/en\/contact\/","name":"Contact - Piaconline.hu","isPartOf":{"@id":"https:\/\/piaconline.hu\/#website"},"datePublished":"2019-06-03T08:34:59+00:00","dateModified":"2021-10-18T07:18:06+00:00","breadcrumb":{"@id":"https:\/\/piaconline.hu\/en\/contact\/#breadcrumb"},"inLanguage":"en-US","potentialAction":[{"@type":"ReadAction","target":["https:\/\/piaconline.hu\/en\/contact\/"]}]},{"@type":"BreadcrumbList","@id":"https:\/\/piaconline.hu\/en\/contact\/#breadcrumb","itemListElement":[{"@type":"ListItem","position":1,"name":"Home","item":"https:\/\/piaconline.hu\/en\/"},{"@type":"ListItem","position":2,"name":"Contact"}]},{"@type":"WebSite","@id":"https:\/\/piaconline.hu\/#website","url":"https:\/\/piaconline.hu\/","name":"Piaconline.hu","description":"","potentialAction":[{"@type":"SearchAction","target":{"@type":"EntryPoint","urlTemplate":"https:\/\/piaconline.hu\/?s={search_term_string}"},"query-input":{"@type":"PropertyValueSpecification","valueRequired":true,"valueName":"search_term_string"}}],"inLanguage":"en-US"}]}},"_links":{"self":[{"href":"https:\/\/piaconline.hu\/en\/wp-json\/wp\/v2\/pages\/18565"}],"collection":[{"href":"https:\/\/piaconline.hu\/en\/wp-json\/wp\/v2\/pages"}],"about":[{"href":"https:\/\/piaconline.hu\/en\/wp-json\/wp\/v2\/types\/page"}],"author":[{"embeddable":true,"href":"https:\/\/piaconline.hu\/en\/wp-json\/wp\/v2\/users\/1"}],"replies":[{"embeddable":true,"href":"https:\/\/piaconline.hu\/en\/wp-json\/wp\/v2\/comments?post=18565"}],"version-history":[{"count":3,"href":"https:\/\/piaconline.hu\/en\/wp-json\/wp\/v2\/pages\/18565\/revisions"}],"predecessor-version":[{"id":22599,"href":"https:\/\/piaconline.hu\/en\/wp-json\/wp\/v2\/pages\/18565\/revisions\/22599"}],"wp:attachment":[{"href":"https:\/\/piaconline.hu\/en\/wp-json\/wp\/v2\/media?parent=18565"}],"curies":[{"name":"wp","href":"https:\/\/api.w.org\/{rel}","templated":true}]}}