{"id":18442,"date":"2019-06-06T07:44:18","date_gmt":"2019-06-06T07:44:18","guid":{"rendered":"https:\/\/piaconline.hu\/nyitvatartas\/"},"modified":"2024-08-22T08:50:56","modified_gmt":"2024-08-22T06:50:56","slug":"opening-hours","status":"publish","type":"page","link":"https:\/\/piaconline.hu\/en\/opening-hours\/","title":{"rendered":"Opening hours"},"content":{"rendered":"\n<p>Hivatalos \u00fcnnep-, illetve munkasz\u00fcneti napokon Z\u00c1RVA!<br\/>A bel\u00e9p\u00e9s minden l\u00e9tes\u00edtm\u00e9nybe INGYENES!<\/p>\n","protected":false},"excerpt":{"rendered":"<p>Hivatalos \u00fcnnep-, illetve munkasz\u00fcneti napokon Z\u00c1RVA!A bel\u00e9p\u00e9s minden l\u00e9tes\u00edtm\u00e9nybe INGYENES!<\/p>\n","protected":false},"author":1,"featured_media":0,"parent":0,"menu_order":2000,"comment_status":"closed","ping_status":"closed","template":"templates\/opening.php","meta":{"_acf_changed":false,"footnotes":""},"class_list":["post-18442","page","type-page","status-publish","hentry"],"acf":[],"yoast_head":"<!-- This site is optimized with the Yoast SEO plugin v23.5 - https:\/\/yoast.com\/wordpress\/plugins\/seo\/ -->\n<title>Opening hours - Piaconline.hu<\/title>\n<meta name=\"robots\" content=\"index, follow, max-snippet:-1, max-image-preview:large, max-video-preview:-1\" \/>\n<link rel=\"canonical\" href=\"https:\/\/piaconline.hu\/en\/opening-hours\/\" \/>\n<meta property=\"og:locale\" content=\"en_US\" \/>\n<meta property=\"og:type\" content=\"article\" \/>\n<meta property=\"og:title\" content=\"Opening hours - Piaconline.hu\" \/>\n<meta property=\"og:description\" content=\"Hivatalos \u00fcnnep-, illetve munkasz\u00fcneti napokon Z\u00c1RVA!A bel\u00e9p\u00e9s minden l\u00e9tes\u00edtm\u00e9nybe INGYENES!\" \/>\n<meta property=\"og:url\" content=\"https:\/\/piaconline.hu\/en\/opening-hours\/\" \/>\n<meta property=\"og:site_name\" content=\"Piaconline.hu\" \/>\n<meta property=\"article:modified_time\" content=\"2024-08-22T06:50:56+00:00\" \/>\n<meta name=\"twitter:card\" content=\"summary_large_image\" \/>\n<meta name=\"twitter:label1\" content=\"Est. reading time\" \/>\n\t<meta name=\"twitter:data1\" content=\"1 minute\" \/>\n<script type=\"application\/ld+json\" class=\"yoast-schema-graph\">{\"@context\":\"https:\/\/schema.org\",\"@graph\":[{\"@type\":\"WebPage\",\"@id\":\"https:\/\/piaconline.hu\/en\/opening-hours\/\",\"url\":\"https:\/\/piaconline.hu\/en\/opening-hours\/\",\"name\":\"Opening hours - Piaconline.hu\",\"isPartOf\":{\"@id\":\"https:\/\/piaconline.hu\/#website\"},\"datePublished\":\"2019-06-06T07:44:18+00:00\",\"dateModified\":\"2024-08-22T06:50:56+00:00\",\"breadcrumb\":{\"@id\":\"https:\/\/piaconline.hu\/en\/opening-hours\/#breadcrumb\"},\"inLanguage\":\"en-US\",\"potentialAction\":[{\"@type\":\"ReadAction\",\"target\":[\"https:\/\/piaconline.hu\/en\/opening-hours\/\"]}]},{\"@type\":\"BreadcrumbList\",\"@id\":\"https:\/\/piaconline.hu\/en\/opening-hours\/#breadcrumb\",\"itemListElement\":[{\"@type\":\"ListItem\",\"position\":1,\"name\":\"Home\",\"item\":\"https:\/\/piaconline.hu\/en\/\"},{\"@type\":\"ListItem\",\"position\":2,\"name\":\"Opening hours\"}]},{\"@type\":\"WebSite\",\"@id\":\"https:\/\/piaconline.hu\/#website\",\"url\":\"https:\/\/piaconline.hu\/\",\"name\":\"Piaconline.hu\",\"description\":\"\",\"potentialAction\":[{\"@type\":\"SearchAction\",\"target\":{\"@type\":\"EntryPoint\",\"urlTemplate\":\"https:\/\/piaconline.hu\/?s={search_term_string}\"},\"query-input\":{\"@type\":\"PropertyValueSpecification\",\"valueRequired\":true,\"valueName\":\"search_term_string\"}}],\"inLanguage\":\"en-US\"}]}<\/script>\n<!-- \/ Yoast SEO plugin. -->","yoast_head_json":{"title":"Opening hours - Piaconline.hu","robots":{"index":"index","follow":"follow","max-snippet":"max-snippet:-1","max-image-preview":"max-image-preview:large","max-video-preview":"max-video-preview:-1"},"canonical":"https:\/\/piaconline.hu\/en\/opening-hours\/","og_locale":"en_US","og_type":"article","og_title":"Opening hours - Piaconline.hu","og_description":"Hivatalos \u00fcnnep-, illetve munkasz\u00fcneti napokon Z\u00c1RVA!A bel\u00e9p\u00e9s minden l\u00e9tes\u00edtm\u00e9nybe INGYENES!","og_url":"https:\/\/piaconline.hu\/en\/opening-hours\/","og_site_name":"Piaconline.hu","article_modified_time":"2024-08-22T06:50:56+00:00","twitter_card":"summary_large_image","twitter_misc":{"Est. reading time":"1 minute"},"schema":{"@context":"https:\/\/schema.org","@graph":[{"@type":"WebPage","@id":"https:\/\/piaconline.hu\/en\/opening-hours\/","url":"https:\/\/piaconline.hu\/en\/opening-hours\/","name":"Opening hours - Piaconline.hu","isPartOf":{"@id":"https:\/\/piaconline.hu\/#website"},"datePublished":"2019-06-06T07:44:18+00:00","dateModified":"2024-08-22T06:50:56+00:00","breadcrumb":{"@id":"https:\/\/piaconline.hu\/en\/opening-hours\/#breadcrumb"},"inLanguage":"en-US","potentialAction":[{"@type":"ReadAction","target":["https:\/\/piaconline.hu\/en\/opening-hours\/"]}]},{"@type":"BreadcrumbList","@id":"https:\/\/piaconline.hu\/en\/opening-hours\/#breadcrumb","itemListElement":[{"@type":"ListItem","position":1,"name":"Home","item":"https:\/\/piaconline.hu\/en\/"},{"@type":"ListItem","position":2,"name":"Opening hours"}]},{"@type":"WebSite","@id":"https:\/\/piaconline.hu\/#website","url":"https:\/\/piaconline.hu\/","name":"Piaconline.hu","description":"","potentialAction":[{"@type":"SearchAction","target":{"@type":"EntryPoint","urlTemplate":"https:\/\/piaconline.hu\/?s={search_term_string}"},"query-input":{"@type":"PropertyValueSpecification","valueRequired":true,"valueName":"search_term_string"}}],"inLanguage":"en-US"}]}},"_links":{"self":[{"href":"https:\/\/piaconline.hu\/en\/wp-json\/wp\/v2\/pages\/18442"}],"collection":[{"href":"https:\/\/piaconline.hu\/en\/wp-json\/wp\/v2\/pages"}],"about":[{"href":"https:\/\/piaconline.hu\/en\/wp-json\/wp\/v2\/types\/page"}],"author":[{"embeddable":true,"href":"https:\/\/piaconline.hu\/en\/wp-json\/wp\/v2\/users\/1"}],"replies":[{"embeddable":true,"href":"https:\/\/piaconline.hu\/en\/wp-json\/wp\/v2\/comments?post=18442"}],"version-history":[{"count":39,"href":"https:\/\/piaconline.hu\/en\/wp-json\/wp\/v2\/pages\/18442\/revisions"}],"predecessor-version":[{"id":38144,"href":"https:\/\/piaconline.hu\/en\/wp-json\/wp\/v2\/pages\/18442\/revisions\/38144"}],"wp:attachment":[{"href":"https:\/\/piaconline.hu\/en\/wp-json\/wp\/v2\/media?parent=18442"}],"curies":[{"name":"wp","href":"https:\/\/api.w.org\/{rel}","templated":true}]}}